{"id":734,"date":"2021-07-11T02:23:38","date_gmt":"2021-07-11T02:23:38","guid":{"rendered":"https:\/\/fedefranco.ca\/en\/?page_id=734"},"modified":"2023-11-30T12:10:23","modified_gmt":"2023-11-30T17:10:23","slug":"government-funding-for-businesses","status":"publish","type":"page","link":"https:\/\/fedefranco.ca\/en\/government-funding-for-businesses\/","title":{"rendered":"Government funding for businesses"},"content":{"rendered":"<p><em>Available only in French<\/em><\/p>\n<p>PR\u00caTS ET SUBVENTION DE D\u00c9MARRAGE<\/p>\n<ul>\n<li><a href=\"https:\/\/www.canada.ca\/fr\/services\/entreprises\/subventions.html\">Portail du Gouvernement du Canada d&#8217;aide aux entreprises<\/a><\/li>\n<li><a href=\"https:\/\/innovation.ised-isde.canada.ca\/s\/?language=fr\">Outil personnalis\u00e9 de recherche d&#8217;aide aux entreprises<\/a><\/li>\n<li><a href=\"https:\/\/www.futurpreneur.ca\/fr\/landing-page\/bdc-web-referral\/\">Futurpreneur financement de d\u00e9marrage<\/a><\/li>\n<li><a href=\"https:\/\/cfontario.ca\/fr\">D\u00e9veloppement des collectivit\u00e9s &#8211; appui des SADC r\u00e9gionales<\/a><\/li>\n<li><a href=\"https:\/\/www.bdc.ca\/fr\/financement\/pret-demarrage-entreprise\">BDC Financement de d\u00e9marrage pour entreprises avec 12 mois d&#8217;activit\u00e9s et des revenus<\/a><\/li>\n<li><a href=\"https:\/\/sites.telfer.uottawa.ca\/entrepreneurship\/fr\/soutien-pour-les-entreprises-en-demarrage\/\">Soutien au d\u00e9marrage &#8211; \u00c9cole de gestion Telfer de l&#8217;Universit\u00e9 d&#8217;Ottawa<\/a><\/li>\n<li><a href=\"https:\/\/www.fondationfranco.ca\/fr\/pret-fonds-de-micro-credit\">Fonds de micro-cr\u00e9dit de la Fondation franco-ontarienne<\/a><\/li>\n<li><a href=\"https:\/\/www.ontario.ca\/fr\/page\/possibilites-de-financement-offertes-par-le-gouvernement-de-lontario#section-8\">Programme d\u2019appui \u00e0 la francophonie ontarienne<\/a><\/li>\n<li><a href=\"https:\/\/otf.ca\/fr\/nos-subventions\">Fondation Trillium de l\u2019Ontario<\/a><\/li>\n<li><a href=\"https:\/\/www.ontario.ca\/fr\/page\/programmes-demploi-pour-les-moins-de-30-ans\">Programmes d\u2019emploi pour les moins de 30 ans<\/a><\/li>\n<li><a href=\"https:\/\/www.ontario.ca\/fr\/page\/jeunes-entrepreneurs\">Jeunes entrepreneurs<\/a><\/li>\n<\/ul>\n<p>PR\u00caTS ET SUBVENTION DE CROISSANCE<\/p>\n<ul>\n<li><a href=\"https:\/\/www.canada.ca\/fr\/services\/entreprises\/subventions.html\">Portail du Gouvernement du Canada d&#8217;aide aux entreprises<\/a><\/li>\n<li><a href=\"https:\/\/innovation.ised-isde.canada.ca\/s\/?language=fr\">Outil personnalis\u00e9 de recherche d&#8217;aide aux entreprises<\/a><\/li>\n<li><a href=\"https:\/\/www.bdc.ca\/fr\/financement\">Financement de la BDC<\/a><\/li>\n<li><a href=\"https:\/\/cfontario.ca\/fr\">D\u00e9veloppement des collectivit\u00e9s &#8211; appui des SADC r\u00e9gionales<\/a><\/li>\n<li><a href=\"https:\/\/www.bdc.ca\/fr\/financement\/pret-petites-entreprises\">BDC Pr\u00eat petites entreprises pour entreprises avec 24 mois d&#8217;activit\u00e9s et des revenus<\/a><\/li>\n<li><a href=\"https:\/\/www.edc.ca\/fr\/exporter.html\">EDC &#8211; Financement li\u00e9 \u00e0 l&#8217;exportation<\/a><\/li>\n<li><a href=\"https:\/\/cnrc.canada.ca\/fr\">Conseil national de recherche Canada &#8211; programmes<\/a><\/li>\n<li><a href=\"https:\/\/francophonie.sqrc.gouv.qc.ca\/SAIC-Subventions\/userLogin.aspx\">Francophonie canadienne &#8211; Programme de soutien financier<\/a><\/li>\n<li><a href=\"https:\/\/www.ontario.ca\/fr\/page\/programme-pour-le-developpement-regional-volet-innovation-et-competitivite-dans-le-secteur-de?utm_term=public&amp;utm_source=newsroom&amp;utm_medium=email&amp;utm_campaign=%2Ffr%2Frelease%2F1001429%2Flontario-lance-un-programme-pour-soutenir-les-fabricants-de-pointe-de-la-province\">Programme pour le d\u00e9veloppement r\u00e9gional : Volet Innovation et comp\u00e9titivit\u00e9 dans le secteur de la fabrication de pointe<\/a><\/li>\n<li><a href=\"https:\/\/nohfc.ca\/fr\">Soci\u00e9t\u00e9 de gestion du Fonds du patrimoine du Nord de l\u2019Ontario (SGFPNO)<\/a><\/li>\n<li><a href=\"https:\/\/digitalmainstreet.ca\/fr\/\">Digital Main Street<\/a><\/li>\n<li><a href=\"https:\/\/otf.ca\/fr\/nos-subventions\">Fondation Trillium de l\u2019Ontario<\/a><\/li>\n<li><a href=\"https:\/\/www.ontariocreates.ca\/fr\/\">Ontario cr\u00e9atif<\/a><\/li>\n<li><a href=\"https:\/\/www.arts.on.ca\/programmes-de-subvention\">Conseil des arts de l\u2019Ontario<\/a><\/li>\n<li><a href=\"https:\/\/www.ontario.ca\/fr\/page\/mesures-incitatives-pour-les-employeurs\">Incitatifs pour les employeurs qui embauchent et forment des employ\u00e9s <\/a><\/li>\n<li><a href=\"https:\/\/www.ontario.ca\/fr\/page\/programme-pour-le-developpement-regional\">Programme pour le d\u00e9veloppement regional<\/a><\/li>\n<\/ul>\n<p>PR\u00caTS ET SUBVENTION &#8211; INNOVATION<\/p>\n<ul>\n<li><a href=\"https:\/\/www.canada.ca\/fr\/services\/entreprises\/subventions.html\">Portail du Gouvernement du Canada d&#8217;aide aux entreprises<\/a><\/li>\n<li><a href=\"https:\/\/innovation.ised-isde.canada.ca\/s\/?language=fr\">Outil personnalis\u00e9 de recherche d&#8217;aide aux entreprises<\/a><\/li>\n<li><a href=\"https:\/\/www.bdc.ca\/fr\/financement\/pret-equipement-technologique\">BDC Financement pour les technologies<\/a><\/li>\n<li><a href=\"http:\/\/www.ic.gc.ca\/eic\/site\/125.nsf\/fra\/accueil\">Fonds strat\u00e9gique pour l&#8217;innovation<\/a><\/li>\n<li><a href=\"https:\/\/www.deleguescommerciaux.gc.ca\/funding-financement\/ciip-pcii\/index.aspx?lang=fra\">Programme canadien d&#8217;innovation \u00e0 l&#8217;international<\/a><\/li>\n<li><a href=\"https:\/\/www.deleguescommerciaux.gc.ca\/funding-financement\/canexport\/index.aspx?lang=fra&amp;utm_campaign=canexport&amp;utm_source=tcs&amp;utm_medium=slideshow-en\">Programme CanExport<\/a><\/li>\n<li><a href=\"https:\/\/cnrc.canada.ca\/fr\/soutien-linnovation-technologique\">Soutien \u00e0 l&#8217;innovation technologique<\/a><\/li>\n<li><a href=\"https:\/\/www.ic.gc.ca\/eic\/site\/152.nsf\/fra\/00011.html\">D\u00e9veloppez vos activit\u00e9s commerciales en ligne<\/a><\/li>\n<li><a href=\"https:\/\/nohfc.ca\/fr\">Soci\u00e9t\u00e9 de gestion du Fonds du patrimoine du Nord de l\u2019Ontario (SGFPNO)<\/a><\/li>\n<li><a href=\"https:\/\/digitalmainstreet.ca\/fr\/\">Digital Main Street<\/a><\/li>\n<li><a href=\"https:\/\/otf.ca\/fr\/nos-subventions\">Fondation Trillium de l\u2019Ontario<\/a><\/li>\n<li><a href=\"https:\/\/www.arts.on.ca\/programmes-de-subvention\">Conseil des arts de l\u2019Ontario<\/a><\/li>\n<li><a href=\"https:\/\/www.ontario.ca\/fr\/page\/programme-pour-le-developpement-regional\">Programme pour le d\u00e9veloppement regional<\/a><\/li>\n<li><a href=\"https:\/\/www.ontario.ca\/fr\/page\/possibilites-de-financement-offertes-par-le-gouvernement-de-lontario#section-5\">Programme d\u2019investissement et d\u2019innovation dans le secteur forestier<\/a><\/li>\n<li><a href=\"https:\/\/ised-isde.canada.ca\/site\/programme-canadien-adoption-numerique\/fr\/ameliorez-technologies-votre-entreprise\">Am\u00e9liorez les technologies de votre entreprise<\/a><\/li>\n<\/ul>\n<p>COVID-19 ET SERVICES G\u00c9N\u00c9RAUX<\/p>\n<ul>\n<li style=\"list-style-type: none;\">\n<ul>\n<li><a href=\"http:\/\/www.ic.gc.ca\/eic\/site\/icgc.nsf\/fra\/h_07670.html\">Appli-entreprises du Gouvernement du Canada<\/a><\/li>\n<li><a href=\"https:\/\/fednor.gc.ca\/eic\/site\/fednor-fednor.nsf\/fra\/h_fn03810.html\">FEDNOR &#8211; Soutien aux entreprises<\/a><\/li>\n<li><a href=\"http:\/\/www.feddevontario.gc.ca\/eic\/site\/723.nsf\/fra\/accueil\">FEDDEV &#8211; Soutien aux entreprises<\/a><\/li>\n<li><a href=\"https:\/\/desjardins.fundica.com\/index.php?Page_Index=findfunding&amp;language=fr\">Desjardins &#8211; outil de recherche de financement<\/a><\/li>\n<li><a href=\"https:\/\/www.ontario.ca\/fr\/page\/petites-entreprises-conseils-services-de-soutien-et-reglements\">Petites entreprises : conseils, services de soutien et r\u00e8glements<\/a><\/li>\n<\/ul>\n<\/li>\n<\/ul>\n","protected":false},"excerpt":{"rendered":"<p>Available only in French PR\u00caTS ET SUBVENTION DE D\u00c9MARRAGE Portail du Gouvernement du Canada d&#8217;aide aux entreprises Outil personnalis\u00e9 de recherche d&#8217;aide aux entreprises Futurpreneur financement de d\u00e9marrage D\u00e9veloppement des collectivit\u00e9s &#8211; appui des SADC r\u00e9gionales BDC Financement de d\u00e9marrage pour entreprises avec 12 mois d&#8217;activit\u00e9s et des revenus Soutien au d\u00e9marrage &#8211; \u00c9cole de [&hellip;]<\/p>\n","protected":false},"author":21,"featured_media":0,"parent":0,"menu_order":0,"comment_status":"closed","ping_status":"closed","template":"","meta":{"_acf_changed":false,"footnotes":""},"class_list":["post-734","page","type-page","status-publish","hentry"],"acf":[],"yoast_head":"<!-- This site is optimized with the Yoast SEO plugin v24.2 - https:\/\/yoast.com\/wordpress\/plugins\/seo\/ -->\n<title>Government funding for businesses - F\u00e9d\u00e9ration des gens d&#039;affaires francophones de l&#039;Ontario<\/title>\n<meta name=\"robots\" content=\"index, follow, max-snippet:-1, max-image-preview:large, max-video-preview:-1\" \/>\n<link rel=\"canonical\" href=\"https:\/\/fedefranco.ca\/en\/government-funding-for-businesses\/\" \/>\n<meta property=\"og:locale\" content=\"en_US\" \/>\n<meta property=\"og:type\" content=\"article\" \/>\n<meta property=\"og:title\" content=\"Government funding for businesses - F\u00e9d\u00e9ration des gens d&#039;affaires francophones de l&#039;Ontario\" \/>\n<meta property=\"og:description\" content=\"Available only in French PR\u00caTS ET SUBVENTION DE D\u00c9MARRAGE Portail du Gouvernement du Canada d&#8217;aide aux entreprises Outil personnalis\u00e9 de recherche d&#8217;aide aux entreprises Futurpreneur financement de d\u00e9marrage D\u00e9veloppement des collectivit\u00e9s &#8211; appui des SADC r\u00e9gionales BDC Financement de d\u00e9marrage pour entreprises avec 12 mois d&#8217;activit\u00e9s et des revenus Soutien au d\u00e9marrage &#8211; \u00c9cole de [&hellip;]\" \/>\n<meta property=\"og:url\" content=\"https:\/\/fedefranco.ca\/en\/government-funding-for-businesses\/\" \/>\n<meta property=\"og:site_name\" content=\"F\u00e9d\u00e9ration des gens d&#039;affaires francophones de l&#039;Ontario\" \/>\n<meta property=\"article:modified_time\" content=\"2023-11-30T17:10:23+00:00\" \/>\n<meta property=\"og:image\" content=\"https:\/\/fedefranco.ca\/en\/wp-content\/uploads\/2021\/02\/fgao-social.png\" \/>\n\t<meta property=\"og:image:width\" content=\"200\" \/>\n\t<meta property=\"og:image:height\" content=\"200\" \/>\n\t<meta property=\"og:image:type\" content=\"image\/png\" \/>\n<meta name=\"twitter:label1\" content=\"Est. reading time\" \/>\n\t<meta name=\"twitter:data1\" content=\"2 minutes\" \/>\n<script type=\"application\/ld+json\" class=\"yoast-schema-graph\">{\"@context\":\"https:\/\/schema.org\",\"@graph\":[{\"@type\":\"WebPage\",\"@id\":\"https:\/\/fedefranco.ca\/en\/government-funding-for-businesses\/\",\"url\":\"https:\/\/fedefranco.ca\/en\/government-funding-for-businesses\/\",\"name\":\"Government funding for businesses - F\u00e9d\u00e9ration des gens d&#039;affaires francophones de l&#039;Ontario\",\"isPartOf\":{\"@id\":\"https:\/\/fedefranco.ca\/en\/#website\"},\"datePublished\":\"2021-07-11T02:23:38+00:00\",\"dateModified\":\"2023-11-30T17:10:23+00:00\",\"breadcrumb\":{\"@id\":\"https:\/\/fedefranco.ca\/en\/government-funding-for-businesses\/#breadcrumb\"},\"inLanguage\":\"en-US\",\"potentialAction\":[{\"@type\":\"ReadAction\",\"target\":[\"https:\/\/fedefranco.ca\/en\/government-funding-for-businesses\/\"]}]},{\"@type\":\"BreadcrumbList\",\"@id\":\"https:\/\/fedefranco.ca\/en\/government-funding-for-businesses\/#breadcrumb\",\"itemListElement\":[{\"@type\":\"ListItem\",\"position\":1,\"name\":\"Home\",\"item\":\"https:\/\/fedefranco.ca\/en\/\"},{\"@type\":\"ListItem\",\"position\":2,\"name\":\"Government funding for businesses\"}]},{\"@type\":\"WebSite\",\"@id\":\"https:\/\/fedefranco.ca\/en\/#website\",\"url\":\"https:\/\/fedefranco.ca\/en\/\",\"name\":\"F\u00e9d\u00e9ration des gens d&#039;affaires francophones de l&#039;Ontario\",\"description\":\"\",\"potentialAction\":[{\"@type\":\"SearchAction\",\"target\":{\"@type\":\"EntryPoint\",\"urlTemplate\":\"https:\/\/fedefranco.ca\/en\/?s={search_term_string}\"},\"query-input\":{\"@type\":\"PropertyValueSpecification\",\"valueRequired\":true,\"valueName\":\"search_term_string\"}}],\"inLanguage\":\"en-US\"}]}<\/script>\n<!-- \/ Yoast SEO plugin. -->","yoast_head_json":{"title":"Government funding for businesses - F\u00e9d\u00e9ration des gens d&#039;affaires francophones de l&#039;Ontario","robots":{"index":"index","follow":"follow","max-snippet":"max-snippet:-1","max-image-preview":"max-image-preview:large","max-video-preview":"max-video-preview:-1"},"canonical":"https:\/\/fedefranco.ca\/en\/government-funding-for-businesses\/","og_locale":"en_US","og_type":"article","og_title":"Government funding for businesses - F\u00e9d\u00e9ration des gens d&#039;affaires francophones de l&#039;Ontario","og_description":"Available only in French PR\u00caTS ET SUBVENTION DE D\u00c9MARRAGE Portail du Gouvernement du Canada d&#8217;aide aux entreprises Outil personnalis\u00e9 de recherche d&#8217;aide aux entreprises Futurpreneur financement de d\u00e9marrage D\u00e9veloppement des collectivit\u00e9s &#8211; appui des SADC r\u00e9gionales BDC Financement de d\u00e9marrage pour entreprises avec 12 mois d&#8217;activit\u00e9s et des revenus Soutien au d\u00e9marrage &#8211; \u00c9cole de [&hellip;]","og_url":"https:\/\/fedefranco.ca\/en\/government-funding-for-businesses\/","og_site_name":"F\u00e9d\u00e9ration des gens d&#039;affaires francophones de l&#039;Ontario","article_modified_time":"2023-11-30T17:10:23+00:00","og_image":[{"width":200,"height":200,"url":"https:\/\/fedefranco.ca\/en\/wp-content\/uploads\/2021\/02\/fgao-social.png","type":"image\/png"}],"twitter_misc":{"Est. reading time":"2 minutes"},"schema":{"@context":"https:\/\/schema.org","@graph":[{"@type":"WebPage","@id":"https:\/\/fedefranco.ca\/en\/government-funding-for-businesses\/","url":"https:\/\/fedefranco.ca\/en\/government-funding-for-businesses\/","name":"Government funding for businesses - F\u00e9d\u00e9ration des gens d&#039;affaires francophones de l&#039;Ontario","isPartOf":{"@id":"https:\/\/fedefranco.ca\/en\/#website"},"datePublished":"2021-07-11T02:23:38+00:00","dateModified":"2023-11-30T17:10:23+00:00","breadcrumb":{"@id":"https:\/\/fedefranco.ca\/en\/government-funding-for-businesses\/#breadcrumb"},"inLanguage":"en-US","potentialAction":[{"@type":"ReadAction","target":["https:\/\/fedefranco.ca\/en\/government-funding-for-businesses\/"]}]},{"@type":"BreadcrumbList","@id":"https:\/\/fedefranco.ca\/en\/government-funding-for-businesses\/#breadcrumb","itemListElement":[{"@type":"ListItem","position":1,"name":"Home","item":"https:\/\/fedefranco.ca\/en\/"},{"@type":"ListItem","position":2,"name":"Government funding for businesses"}]},{"@type":"WebSite","@id":"https:\/\/fedefranco.ca\/en\/#website","url":"https:\/\/fedefranco.ca\/en\/","name":"F\u00e9d\u00e9ration des gens d&#039;affaires francophones de l&#039;Ontario","description":"","potentialAction":[{"@type":"SearchAction","target":{"@type":"EntryPoint","urlTemplate":"https:\/\/fedefranco.ca\/en\/?s={search_term_string}"},"query-input":{"@type":"PropertyValueSpecification","valueRequired":true,"valueName":"search_term_string"}}],"inLanguage":"en-US"}]}},"_links":{"self":[{"href":"https:\/\/fedefranco.ca\/en\/wp-json\/wp\/v2\/pages\/734","targetHints":{"allow":["GET"]}}],"collection":[{"href":"https:\/\/fedefranco.ca\/en\/wp-json\/wp\/v2\/pages"}],"about":[{"href":"https:\/\/fedefranco.ca\/en\/wp-json\/wp\/v2\/types\/page"}],"author":[{"embeddable":true,"href":"https:\/\/fedefranco.ca\/en\/wp-json\/wp\/v2\/users\/21"}],"replies":[{"embeddable":true,"href":"https:\/\/fedefranco.ca\/en\/wp-json\/wp\/v2\/comments?post=734"}],"version-history":[{"count":8,"href":"https:\/\/fedefranco.ca\/en\/wp-json\/wp\/v2\/pages\/734\/revisions"}],"predecessor-version":[{"id":1380,"href":"https:\/\/fedefranco.ca\/en\/wp-json\/wp\/v2\/pages\/734\/revisions\/1380"}],"wp:attachment":[{"href":"https:\/\/fedefranco.ca\/en\/wp-json\/wp\/v2\/media?parent=734"}],"curies":[{"name":"wp","href":"https:\/\/api.w.org\/{rel}","templated":true}]}}