{"id":727,"date":"2021-07-11T02:13:51","date_gmt":"2021-07-11T02:13:51","guid":{"rendered":"https:\/\/fedefranco.ca\/en\/?page_id=727"},"modified":"2021-09-09T04:16:31","modified_gmt":"2021-09-09T04:16:31","slug":"mentorat-resontario","status":"publish","type":"page","link":"https:\/\/fedefranco.ca\/en\/mentorat-resontario\/","title":{"rendered":"Mentorat R\u00e9sOntario"},"content":{"rendered":"","protected":false},"excerpt":{"rendered":"","protected":false},"author":21,"featured_media":0,"parent":0,"menu_order":0,"comment_status":"closed","ping_status":"closed","template":"page-templates\/template-services.php","meta":{"_acf_changed":false,"footnotes":""},"class_list":["post-727","page","type-page","status-publish","hentry"],"acf":[],"yoast_head":"<!-- This site is optimized with the Yoast SEO plugin v24.2 - https:\/\/yoast.com\/wordpress\/plugins\/seo\/ -->\n<title>Mentorat R\u00e9sOntario - F\u00e9d\u00e9ration des gens d&#039;affaires francophones de l&#039;Ontario<\/title>\n<meta name=\"robots\" content=\"index, follow, max-snippet:-1, max-image-preview:large, max-video-preview:-1\" \/>\n<link rel=\"canonical\" href=\"https:\/\/fedefranco.ca\/en\/mentorat-resontario\/\" \/>\n<meta property=\"og:locale\" content=\"en_US\" \/>\n<meta property=\"og:type\" content=\"article\" \/>\n<meta property=\"og:title\" content=\"Mentorat R\u00e9sOntario - F\u00e9d\u00e9ration des gens d&#039;affaires francophones de l&#039;Ontario\" \/>\n<meta property=\"og:url\" content=\"https:\/\/fedefranco.ca\/en\/mentorat-resontario\/\" \/>\n<meta property=\"og:site_name\" content=\"F\u00e9d\u00e9ration des gens d&#039;affaires francophones de l&#039;Ontario\" \/>\n<meta property=\"article:modified_time\" content=\"2021-09-09T04:16:31+00:00\" \/>\n<meta property=\"og:image\" content=\"https:\/\/fedefranco.ca\/en\/wp-content\/uploads\/2021\/02\/fgao-social.png\" \/>\n\t<meta property=\"og:image:width\" content=\"200\" \/>\n\t<meta property=\"og:image:height\" content=\"200\" \/>\n\t<meta property=\"og:image:type\" content=\"image\/png\" \/>\n<script type=\"application\/ld+json\" class=\"yoast-schema-graph\">{\"@context\":\"https:\/\/schema.org\",\"@graph\":[{\"@type\":\"WebPage\",\"@id\":\"https:\/\/fedefranco.ca\/en\/mentorat-resontario\/\",\"url\":\"https:\/\/fedefranco.ca\/en\/mentorat-resontario\/\",\"name\":\"Mentorat R\u00e9sOntario - F\u00e9d\u00e9ration des gens d&#039;affaires francophones de l&#039;Ontario\",\"isPartOf\":{\"@id\":\"https:\/\/fedefranco.ca\/en\/#website\"},\"datePublished\":\"2021-07-11T02:13:51+00:00\",\"dateModified\":\"2021-09-09T04:16:31+00:00\",\"breadcrumb\":{\"@id\":\"https:\/\/fedefranco.ca\/en\/mentorat-resontario\/#breadcrumb\"},\"inLanguage\":\"en-US\",\"potentialAction\":[{\"@type\":\"ReadAction\",\"target\":[\"https:\/\/fedefranco.ca\/en\/mentorat-resontario\/\"]}]},{\"@type\":\"BreadcrumbList\",\"@id\":\"https:\/\/fedefranco.ca\/en\/mentorat-resontario\/#breadcrumb\",\"itemListElement\":[{\"@type\":\"ListItem\",\"position\":1,\"name\":\"Home\",\"item\":\"https:\/\/fedefranco.ca\/en\/\"},{\"@type\":\"ListItem\",\"position\":2,\"name\":\"Mentorat R\u00e9sOntario\"}]},{\"@type\":\"WebSite\",\"@id\":\"https:\/\/fedefranco.ca\/en\/#website\",\"url\":\"https:\/\/fedefranco.ca\/en\/\",\"name\":\"F\u00e9d\u00e9ration des gens d&#039;affaires francophones de l&#039;Ontario\",\"description\":\"\",\"potentialAction\":[{\"@type\":\"SearchAction\",\"target\":{\"@type\":\"EntryPoint\",\"urlTemplate\":\"https:\/\/fedefranco.ca\/en\/?s={search_term_string}\"},\"query-input\":{\"@type\":\"PropertyValueSpecification\",\"valueRequired\":true,\"valueName\":\"search_term_string\"}}],\"inLanguage\":\"en-US\"}]}<\/script>\n<!-- \/ Yoast SEO plugin. -->","yoast_head_json":{"title":"Mentorat R\u00e9sOntario - F\u00e9d\u00e9ration des gens d&#039;affaires francophones de l&#039;Ontario","robots":{"index":"index","follow":"follow","max-snippet":"max-snippet:-1","max-image-preview":"max-image-preview:large","max-video-preview":"max-video-preview:-1"},"canonical":"https:\/\/fedefranco.ca\/en\/mentorat-resontario\/","og_locale":"en_US","og_type":"article","og_title":"Mentorat R\u00e9sOntario - F\u00e9d\u00e9ration des gens d&#039;affaires francophones de l&#039;Ontario","og_url":"https:\/\/fedefranco.ca\/en\/mentorat-resontario\/","og_site_name":"F\u00e9d\u00e9ration des gens d&#039;affaires francophones de l&#039;Ontario","article_modified_time":"2021-09-09T04:16:31+00:00","og_image":[{"width":200,"height":200,"url":"https:\/\/fedefranco.ca\/en\/wp-content\/uploads\/2021\/02\/fgao-social.png","type":"image\/png"}],"schema":{"@context":"https:\/\/schema.org","@graph":[{"@type":"WebPage","@id":"https:\/\/fedefranco.ca\/en\/mentorat-resontario\/","url":"https:\/\/fedefranco.ca\/en\/mentorat-resontario\/","name":"Mentorat R\u00e9sOntario - F\u00e9d\u00e9ration des gens d&#039;affaires francophones de l&#039;Ontario","isPartOf":{"@id":"https:\/\/fedefranco.ca\/en\/#website"},"datePublished":"2021-07-11T02:13:51+00:00","dateModified":"2021-09-09T04:16:31+00:00","breadcrumb":{"@id":"https:\/\/fedefranco.ca\/en\/mentorat-resontario\/#breadcrumb"},"inLanguage":"en-US","potentialAction":[{"@type":"ReadAction","target":["https:\/\/fedefranco.ca\/en\/mentorat-resontario\/"]}]},{"@type":"BreadcrumbList","@id":"https:\/\/fedefranco.ca\/en\/mentorat-resontario\/#breadcrumb","itemListElement":[{"@type":"ListItem","position":1,"name":"Home","item":"https:\/\/fedefranco.ca\/en\/"},{"@type":"ListItem","position":2,"name":"Mentorat R\u00e9sOntario"}]},{"@type":"WebSite","@id":"https:\/\/fedefranco.ca\/en\/#website","url":"https:\/\/fedefranco.ca\/en\/","name":"F\u00e9d\u00e9ration des gens d&#039;affaires francophones de l&#039;Ontario","description":"","potentialAction":[{"@type":"SearchAction","target":{"@type":"EntryPoint","urlTemplate":"https:\/\/fedefranco.ca\/en\/?s={search_term_string}"},"query-input":{"@type":"PropertyValueSpecification","valueRequired":true,"valueName":"search_term_string"}}],"inLanguage":"en-US"}]}},"_links":{"self":[{"href":"https:\/\/fedefranco.ca\/en\/wp-json\/wp\/v2\/pages\/727","targetHints":{"allow":["GET"]}}],"collection":[{"href":"https:\/\/fedefranco.ca\/en\/wp-json\/wp\/v2\/pages"}],"about":[{"href":"https:\/\/fedefranco.ca\/en\/wp-json\/wp\/v2\/types\/page"}],"author":[{"embeddable":true,"href":"https:\/\/fedefranco.ca\/en\/wp-json\/wp\/v2\/users\/21"}],"replies":[{"embeddable":true,"href":"https:\/\/fedefranco.ca\/en\/wp-json\/wp\/v2\/comments?post=727"}],"version-history":[{"count":4,"href":"https:\/\/fedefranco.ca\/en\/wp-json\/wp\/v2\/pages\/727\/revisions"}],"predecessor-version":[{"id":826,"href":"https:\/\/fedefranco.ca\/en\/wp-json\/wp\/v2\/pages\/727\/revisions\/826"}],"wp:attachment":[{"href":"https:\/\/fedefranco.ca\/en\/wp-json\/wp\/v2\/media?parent=727"}],"curies":[{"name":"wp","href":"https:\/\/api.w.org\/{rel}","templated":true}]}}