{"id":1438,"date":"2024-03-11T18:23:41","date_gmt":"2024-03-11T22:23:41","guid":{"rendered":"https:\/\/fedefranco.ca\/en\/?page_id=1438"},"modified":"2025-12-22T22:36:05","modified_gmt":"2025-12-23T03:36:05","slug":"contact-us","status":"publish","type":"page","link":"https:\/\/fedefranco.ca\/en\/contact-us\/","title":{"rendered":"Contact Us"},"content":{"rendered":"<p><strong>To contact the F\u00e9d\u00e9ration des gens d&#8217;affaires francophones de l&#8217;Ontario :<\/strong><\/p>\n<p><strong>Email<br \/>\n<\/strong><a href=\"mailto:info@fedefranco.ca\">info@fedefranco.ca<\/a><\/p>\n<p><strong>Address<br \/>\n<\/strong>269 Richmond Street West, Suite 201<br \/>\nToronto, ON M5V 1X1<br \/>\nCanada<\/p>\n<p><iframe loading=\"lazy\" style=\"border: 0;\" src=\"https:\/\/www.google.com\/maps\/embed?pb=!1m18!1m12!1m3!1d2886.9817951679083!2d-79.3922482!3d43.648547099999995!2m3!1f0!2f0!3f0!3m2!1i1024!2i768!4f13.1!3m3!1m2!1s0x882b34da9a134a77%3A0x6d68744c467dc52e!2s269%20Richmond%20St%20W%20%23201%2C%20Toronto%2C%20ON%20M5V%201X1!5e0!3m2!1sfr!2sca!4v1766460896173!5m2!1sfr!2sca\" width=\"600\" height=\"450\" allowfullscreen=\"allowfullscreen\"><\/iframe><\/p>\n","protected":false},"excerpt":{"rendered":"<p>To contact the F\u00e9d\u00e9ration des gens d&#8217;affaires francophones de l&#8217;Ontario : Email info@fedefranco.ca Address 269 Richmond Street West, Suite 201 Toronto, ON M5V 1X1 Canada<\/p>\n","protected":false},"author":21,"featured_media":0,"parent":0,"menu_order":0,"comment_status":"closed","ping_status":"closed","template":"page-templates\/template-english-page.php","meta":{"_acf_changed":false,"footnotes":""},"class_list":["post-1438","page","type-page","status-publish","hentry"],"acf":[],"yoast_head":"<!-- This site is optimized with the Yoast SEO plugin v24.2 - https:\/\/yoast.com\/wordpress\/plugins\/seo\/ -->\n<title>Contact Us - F\u00e9d\u00e9ration des gens d&#039;affaires francophones de l&#039;Ontario<\/title>\n<meta name=\"robots\" content=\"index, follow, max-snippet:-1, max-image-preview:large, max-video-preview:-1\" \/>\n<link rel=\"canonical\" href=\"https:\/\/fedefranco.ca\/en\/contact-us\/\" \/>\n<meta property=\"og:locale\" content=\"en_US\" \/>\n<meta property=\"og:type\" content=\"article\" \/>\n<meta property=\"og:title\" content=\"Contact Us - F\u00e9d\u00e9ration des gens d&#039;affaires francophones de l&#039;Ontario\" \/>\n<meta property=\"og:description\" content=\"To contact the F\u00e9d\u00e9ration des gens d&#8217;affaires francophones de l&#8217;Ontario : Email info@fedefranco.ca Address 269 Richmond Street West, Suite 201 Toronto, ON M5V 1X1 Canada\" \/>\n<meta property=\"og:url\" content=\"https:\/\/fedefranco.ca\/en\/contact-us\/\" \/>\n<meta property=\"og:site_name\" content=\"F\u00e9d\u00e9ration des gens d&#039;affaires francophones de l&#039;Ontario\" \/>\n<meta property=\"article:modified_time\" content=\"2025-12-23T03:36:05+00:00\" \/>\n<meta property=\"og:image\" content=\"https:\/\/fedefranco.ca\/en\/wp-content\/uploads\/2021\/02\/fgao-social.png\" \/>\n\t<meta property=\"og:image:width\" content=\"200\" \/>\n\t<meta property=\"og:image:height\" content=\"200\" \/>\n\t<meta property=\"og:image:type\" content=\"image\/png\" \/>\n<meta name=\"twitter:label1\" content=\"Est. reading time\" \/>\n\t<meta name=\"twitter:data1\" content=\"1 minute\" \/>\n<script type=\"application\/ld+json\" class=\"yoast-schema-graph\">{\"@context\":\"https:\/\/schema.org\",\"@graph\":[{\"@type\":\"WebPage\",\"@id\":\"https:\/\/fedefranco.ca\/en\/contact-us\/\",\"url\":\"https:\/\/fedefranco.ca\/en\/contact-us\/\",\"name\":\"Contact Us - F\u00e9d\u00e9ration des gens d&#039;affaires francophones de l&#039;Ontario\",\"isPartOf\":{\"@id\":\"https:\/\/fedefranco.ca\/en\/#website\"},\"datePublished\":\"2024-03-11T22:23:41+00:00\",\"dateModified\":\"2025-12-23T03:36:05+00:00\",\"breadcrumb\":{\"@id\":\"https:\/\/fedefranco.ca\/en\/contact-us\/#breadcrumb\"},\"inLanguage\":\"en-US\",\"potentialAction\":[{\"@type\":\"ReadAction\",\"target\":[\"https:\/\/fedefranco.ca\/en\/contact-us\/\"]}]},{\"@type\":\"BreadcrumbList\",\"@id\":\"https:\/\/fedefranco.ca\/en\/contact-us\/#breadcrumb\",\"itemListElement\":[{\"@type\":\"ListItem\",\"position\":1,\"name\":\"Home\",\"item\":\"https:\/\/fedefranco.ca\/en\/\"},{\"@type\":\"ListItem\",\"position\":2,\"name\":\"Contact Us\"}]},{\"@type\":\"WebSite\",\"@id\":\"https:\/\/fedefranco.ca\/en\/#website\",\"url\":\"https:\/\/fedefranco.ca\/en\/\",\"name\":\"F\u00e9d\u00e9ration des gens d&#039;affaires francophones de l&#039;Ontario\",\"description\":\"\",\"potentialAction\":[{\"@type\":\"SearchAction\",\"target\":{\"@type\":\"EntryPoint\",\"urlTemplate\":\"https:\/\/fedefranco.ca\/en\/?s={search_term_string}\"},\"query-input\":{\"@type\":\"PropertyValueSpecification\",\"valueRequired\":true,\"valueName\":\"search_term_string\"}}],\"inLanguage\":\"en-US\"}]}<\/script>\n<!-- \/ Yoast SEO plugin. -->","yoast_head_json":{"title":"Contact Us - F\u00e9d\u00e9ration des gens d&#039;affaires francophones de l&#039;Ontario","robots":{"index":"index","follow":"follow","max-snippet":"max-snippet:-1","max-image-preview":"max-image-preview:large","max-video-preview":"max-video-preview:-1"},"canonical":"https:\/\/fedefranco.ca\/en\/contact-us\/","og_locale":"en_US","og_type":"article","og_title":"Contact Us - F\u00e9d\u00e9ration des gens d&#039;affaires francophones de l&#039;Ontario","og_description":"To contact the F\u00e9d\u00e9ration des gens d&#8217;affaires francophones de l&#8217;Ontario : Email info@fedefranco.ca Address 269 Richmond Street West, Suite 201 Toronto, ON M5V 1X1 Canada","og_url":"https:\/\/fedefranco.ca\/en\/contact-us\/","og_site_name":"F\u00e9d\u00e9ration des gens d&#039;affaires francophones de l&#039;Ontario","article_modified_time":"2025-12-23T03:36:05+00:00","og_image":[{"width":200,"height":200,"url":"https:\/\/fedefranco.ca\/en\/wp-content\/uploads\/2021\/02\/fgao-social.png","type":"image\/png"}],"twitter_misc":{"Est. reading time":"1 minute"},"schema":{"@context":"https:\/\/schema.org","@graph":[{"@type":"WebPage","@id":"https:\/\/fedefranco.ca\/en\/contact-us\/","url":"https:\/\/fedefranco.ca\/en\/contact-us\/","name":"Contact Us - F\u00e9d\u00e9ration des gens d&#039;affaires francophones de l&#039;Ontario","isPartOf":{"@id":"https:\/\/fedefranco.ca\/en\/#website"},"datePublished":"2024-03-11T22:23:41+00:00","dateModified":"2025-12-23T03:36:05+00:00","breadcrumb":{"@id":"https:\/\/fedefranco.ca\/en\/contact-us\/#breadcrumb"},"inLanguage":"en-US","potentialAction":[{"@type":"ReadAction","target":["https:\/\/fedefranco.ca\/en\/contact-us\/"]}]},{"@type":"BreadcrumbList","@id":"https:\/\/fedefranco.ca\/en\/contact-us\/#breadcrumb","itemListElement":[{"@type":"ListItem","position":1,"name":"Home","item":"https:\/\/fedefranco.ca\/en\/"},{"@type":"ListItem","position":2,"name":"Contact Us"}]},{"@type":"WebSite","@id":"https:\/\/fedefranco.ca\/en\/#website","url":"https:\/\/fedefranco.ca\/en\/","name":"F\u00e9d\u00e9ration des gens d&#039;affaires francophones de l&#039;Ontario","description":"","potentialAction":[{"@type":"SearchAction","target":{"@type":"EntryPoint","urlTemplate":"https:\/\/fedefranco.ca\/en\/?s={search_term_string}"},"query-input":{"@type":"PropertyValueSpecification","valueRequired":true,"valueName":"search_term_string"}}],"inLanguage":"en-US"}]}},"_links":{"self":[{"href":"https:\/\/fedefranco.ca\/en\/wp-json\/wp\/v2\/pages\/1438","targetHints":{"allow":["GET"]}}],"collection":[{"href":"https:\/\/fedefranco.ca\/en\/wp-json\/wp\/v2\/pages"}],"about":[{"href":"https:\/\/fedefranco.ca\/en\/wp-json\/wp\/v2\/types\/page"}],"author":[{"embeddable":true,"href":"https:\/\/fedefranco.ca\/en\/wp-json\/wp\/v2\/users\/21"}],"replies":[{"embeddable":true,"href":"https:\/\/fedefranco.ca\/en\/wp-json\/wp\/v2\/comments?post=1438"}],"version-history":[{"count":3,"href":"https:\/\/fedefranco.ca\/en\/wp-json\/wp\/v2\/pages\/1438\/revisions"}],"predecessor-version":[{"id":1836,"href":"https:\/\/fedefranco.ca\/en\/wp-json\/wp\/v2\/pages\/1438\/revisions\/1836"}],"wp:attachment":[{"href":"https:\/\/fedefranco.ca\/en\/wp-json\/wp\/v2\/media?parent=1438"}],"curies":[{"name":"wp","href":"https:\/\/api.w.org\/{rel}","templated":true}]}}