{"id":136,"date":"2021-01-13T16:35:54","date_gmt":"2021-01-13T16:35:54","guid":{"rendered":"https:\/\/fedefranco.ca\/?page_id=136"},"modified":"2026-03-12T15:16:04","modified_gmt":"2026-03-12T19:16:04","slug":"a-propos","status":"publish","type":"page","link":"https:\/\/fedefranco.ca\/en\/a-propos\/","title":{"rendered":"The FGA"},"content":{"rendered":"<p>The F\u00e9d\u00e9ration des gens d\u2019affaires francophones de l\u2019Ontario brings together, represents and advances the <strong>social and economic interests of its members<\/strong> with the various levels of government, business partners and the general public through principled policy development, resourceful business services and innovative activities focused on the development of Francophone business markets.<\/p>\n","protected":false},"excerpt":{"rendered":"<p>The F\u00e9d\u00e9ration des gens d\u2019affaires francophones de l\u2019Ontario brings together, represents and advances the social and economic interests of its members with the various levels of government, business partners and the general public through principled policy development, resourceful business services and innovative activities focused on the development of Francophone business markets.<\/p>\n","protected":false},"author":1,"featured_media":0,"parent":0,"menu_order":0,"comment_status":"closed","ping_status":"closed","template":"page-templates\/template-apropos.php","meta":{"_acf_changed":false,"footnotes":""},"class_list":["post-136","page","type-page","status-publish","hentry"],"acf":[],"yoast_head":"<!-- This site is optimized with the Yoast SEO plugin v24.2 - https:\/\/yoast.com\/wordpress\/plugins\/seo\/ -->\n<title>The FGA - F\u00e9d\u00e9ration des gens d&#039;affaires francophones de l&#039;Ontario<\/title>\n<meta name=\"robots\" content=\"index, follow, max-snippet:-1, max-image-preview:large, max-video-preview:-1\" \/>\n<link rel=\"canonical\" href=\"https:\/\/fedefranco.ca\/en\/a-propos\/\" \/>\n<meta property=\"og:locale\" content=\"en_US\" \/>\n<meta property=\"og:type\" content=\"article\" \/>\n<meta property=\"og:title\" content=\"The FGA - F\u00e9d\u00e9ration des gens d&#039;affaires francophones de l&#039;Ontario\" \/>\n<meta property=\"og:description\" content=\"The F\u00e9d\u00e9ration des gens d\u2019affaires francophones de l\u2019Ontario brings together, represents and advances the social and economic interests of its members with the various levels of government, business partners and the general public through principled policy development, resourceful business services and innovative activities focused on the development of Francophone business markets.\" \/>\n<meta property=\"og:url\" content=\"https:\/\/fedefranco.ca\/en\/a-propos\/\" \/>\n<meta property=\"og:site_name\" content=\"F\u00e9d\u00e9ration des gens d&#039;affaires francophones de l&#039;Ontario\" \/>\n<meta property=\"article:modified_time\" content=\"2026-03-12T19:16:04+00:00\" \/>\n<meta property=\"og:image\" content=\"https:\/\/fedefranco.ca\/en\/wp-content\/uploads\/2021\/02\/fgao-social.png\" \/>\n\t<meta property=\"og:image:width\" content=\"200\" \/>\n\t<meta property=\"og:image:height\" content=\"200\" \/>\n\t<meta property=\"og:image:type\" content=\"image\/png\" \/>\n<meta name=\"twitter:label1\" content=\"Est. reading time\" \/>\n\t<meta name=\"twitter:data1\" content=\"1 minute\" \/>\n<script type=\"application\/ld+json\" class=\"yoast-schema-graph\">{\"@context\":\"https:\/\/schema.org\",\"@graph\":[{\"@type\":\"WebPage\",\"@id\":\"https:\/\/fedefranco.ca\/en\/a-propos\/\",\"url\":\"https:\/\/fedefranco.ca\/en\/a-propos\/\",\"name\":\"The FGA - F\u00e9d\u00e9ration des gens d&#039;affaires francophones de l&#039;Ontario\",\"isPartOf\":{\"@id\":\"https:\/\/fedefranco.ca\/en\/#website\"},\"datePublished\":\"2021-01-13T16:35:54+00:00\",\"dateModified\":\"2026-03-12T19:16:04+00:00\",\"breadcrumb\":{\"@id\":\"https:\/\/fedefranco.ca\/en\/a-propos\/#breadcrumb\"},\"inLanguage\":\"en-US\",\"potentialAction\":[{\"@type\":\"ReadAction\",\"target\":[\"https:\/\/fedefranco.ca\/en\/a-propos\/\"]}]},{\"@type\":\"BreadcrumbList\",\"@id\":\"https:\/\/fedefranco.ca\/en\/a-propos\/#breadcrumb\",\"itemListElement\":[{\"@type\":\"ListItem\",\"position\":1,\"name\":\"Home\",\"item\":\"https:\/\/fedefranco.ca\/en\/\"},{\"@type\":\"ListItem\",\"position\":2,\"name\":\"The FGA\"}]},{\"@type\":\"WebSite\",\"@id\":\"https:\/\/fedefranco.ca\/en\/#website\",\"url\":\"https:\/\/fedefranco.ca\/en\/\",\"name\":\"F\u00e9d\u00e9ration des gens d&#039;affaires francophones de l&#039;Ontario\",\"description\":\"\",\"potentialAction\":[{\"@type\":\"SearchAction\",\"target\":{\"@type\":\"EntryPoint\",\"urlTemplate\":\"https:\/\/fedefranco.ca\/en\/?s={search_term_string}\"},\"query-input\":{\"@type\":\"PropertyValueSpecification\",\"valueRequired\":true,\"valueName\":\"search_term_string\"}}],\"inLanguage\":\"en-US\"}]}<\/script>\n<!-- \/ Yoast SEO plugin. -->","yoast_head_json":{"title":"The FGA - F\u00e9d\u00e9ration des gens d&#039;affaires francophones de l&#039;Ontario","robots":{"index":"index","follow":"follow","max-snippet":"max-snippet:-1","max-image-preview":"max-image-preview:large","max-video-preview":"max-video-preview:-1"},"canonical":"https:\/\/fedefranco.ca\/en\/a-propos\/","og_locale":"en_US","og_type":"article","og_title":"The FGA - F\u00e9d\u00e9ration des gens d&#039;affaires francophones de l&#039;Ontario","og_description":"The F\u00e9d\u00e9ration des gens d\u2019affaires francophones de l\u2019Ontario brings together, represents and advances the social and economic interests of its members with the various levels of government, business partners and the general public through principled policy development, resourceful business services and innovative activities focused on the development of Francophone business markets.","og_url":"https:\/\/fedefranco.ca\/en\/a-propos\/","og_site_name":"F\u00e9d\u00e9ration des gens d&#039;affaires francophones de l&#039;Ontario","article_modified_time":"2026-03-12T19:16:04+00:00","og_image":[{"width":200,"height":200,"url":"https:\/\/fedefranco.ca\/en\/wp-content\/uploads\/2021\/02\/fgao-social.png","type":"image\/png"}],"twitter_misc":{"Est. reading time":"1 minute"},"schema":{"@context":"https:\/\/schema.org","@graph":[{"@type":"WebPage","@id":"https:\/\/fedefranco.ca\/en\/a-propos\/","url":"https:\/\/fedefranco.ca\/en\/a-propos\/","name":"The FGA - F\u00e9d\u00e9ration des gens d&#039;affaires francophones de l&#039;Ontario","isPartOf":{"@id":"https:\/\/fedefranco.ca\/en\/#website"},"datePublished":"2021-01-13T16:35:54+00:00","dateModified":"2026-03-12T19:16:04+00:00","breadcrumb":{"@id":"https:\/\/fedefranco.ca\/en\/a-propos\/#breadcrumb"},"inLanguage":"en-US","potentialAction":[{"@type":"ReadAction","target":["https:\/\/fedefranco.ca\/en\/a-propos\/"]}]},{"@type":"BreadcrumbList","@id":"https:\/\/fedefranco.ca\/en\/a-propos\/#breadcrumb","itemListElement":[{"@type":"ListItem","position":1,"name":"Home","item":"https:\/\/fedefranco.ca\/en\/"},{"@type":"ListItem","position":2,"name":"The FGA"}]},{"@type":"WebSite","@id":"https:\/\/fedefranco.ca\/en\/#website","url":"https:\/\/fedefranco.ca\/en\/","name":"F\u00e9d\u00e9ration des gens d&#039;affaires francophones de l&#039;Ontario","description":"","potentialAction":[{"@type":"SearchAction","target":{"@type":"EntryPoint","urlTemplate":"https:\/\/fedefranco.ca\/en\/?s={search_term_string}"},"query-input":{"@type":"PropertyValueSpecification","valueRequired":true,"valueName":"search_term_string"}}],"inLanguage":"en-US"}]}},"_links":{"self":[{"href":"https:\/\/fedefranco.ca\/en\/wp-json\/wp\/v2\/pages\/136","targetHints":{"allow":["GET"]}}],"collection":[{"href":"https:\/\/fedefranco.ca\/en\/wp-json\/wp\/v2\/pages"}],"about":[{"href":"https:\/\/fedefranco.ca\/en\/wp-json\/wp\/v2\/types\/page"}],"author":[{"embeddable":true,"href":"https:\/\/fedefranco.ca\/en\/wp-json\/wp\/v2\/users\/1"}],"replies":[{"embeddable":true,"href":"https:\/\/fedefranco.ca\/en\/wp-json\/wp\/v2\/comments?post=136"}],"version-history":[{"count":46,"href":"https:\/\/fedefranco.ca\/en\/wp-json\/wp\/v2\/pages\/136\/revisions"}],"predecessor-version":[{"id":1883,"href":"https:\/\/fedefranco.ca\/en\/wp-json\/wp\/v2\/pages\/136\/revisions\/1883"}],"wp:attachment":[{"href":"https:\/\/fedefranco.ca\/en\/wp-json\/wp\/v2\/media?parent=136"}],"curies":[{"name":"wp","href":"https:\/\/api.w.org\/{rel}","templated":true}]}}